{"id":6,"date":"2012-10-19T16:51:55","date_gmt":"2012-10-19T21:51:55","guid":{"rendered":"http:\/\/casadehechos.com\/?page_id=6"},"modified":"2012-12-29T11:40:57","modified_gmt":"2012-12-29T16:40:57","slug":"quienes-somos","status":"publish","type":"page","link":"https:\/\/casadehechos.com\/?page_id=6","title":{"rendered":"\u00bfQuienes Somos?"},"content":{"rendered":"<h2 style=\"text-align: center;\" align=\"center\"><strong>SEMILLAS DE LUZ<\/strong><\/h2>\n<h3 style=\"text-align: center;\" align=\"center\">No somos reglas \u2026 Somos solo fuente de Luz<\/h3>\n<h3 style=\"text-align: center;\" align=\"center\">No somos condicionamientos \u2026 \u00a0Somos solo una carta de navegaci\u00f3n con:<\/h3>\n<h2 style=\"text-align: center;\" align=\"center\"><strong>AMOR, VERDAD Y JUSTICIA<\/strong>.<\/h2>\n<h3 style=\"text-align: justify;\">Los hermanos<strong> UNIATAS<\/strong> conservamos nuestra propia liturgia guiados por las ense\u00f1anzas del maestro.<\/h3>\n<h3 style=\"text-align: justify;\">Estamos orientados y guiados a conservar, mantener y llevar la verdad.<\/h3>\n<h3 style=\"text-align: justify;\">Aquella verdad que tu alma tanto anhela.<\/h3>\n<h3 style=\"text-align: justify;\">\u00a0<\/h3>\n<h3><img loading=\"lazy\" decoding=\"async\" class=\"alignnone\" src=\"http:\/\/casadehechos.com\/cmp\/uniatas.png\" alt=\"\" width=\"193\" height=\"177\" \/><\/h3>\n<h3>S\u00edmbolo de los Uniatas, que representa la uni\u00f3n y la existencia de un todo poderoso.<\/h3>\n<h1><strong>\u00bfC\u00f3mo Nos Reconocemos?<\/strong><\/h1>\n<ul>\n<li>\n<h3>Nos reconocemos como hijos leg\u00edtimos de DIOS.<\/h3>\n<\/li>\n<li>\n<h3>Nos reconocemos a imagen y semejanza del Creador.<\/h3>\n<\/li>\n<li>\n<h3>Nos reconocemos como guerreros UNIATAS, limpios y puros dispuestos a cumplir la misi\u00f3n que se nos asigno.<\/h3>\n<\/li>\n<\/ul>\n<h1 style=\"text-align: left;\" align=\"center\">Miembros:<\/h1>\n<h3>Raimundo Barrios Barcel\u00f3\u00a0\u00a0\u00a0&#8211;\u00a0\u00a0Rossmy Ruiz &#8211; Maria Victoria Ruiz &#8211; Angelica Lugo\u00a0 &#8211; Mirian Cantillo &#8211; Leopoldo\u00a0 De la Rosa\u00a0 &#8211;\u00a0 Hilda Villarreal Acosta &#8211; Sonia gutierrez de martinez- Vera Pert\u00faz Rol\u00f3ng -Ayda Rosa noriega Suarez &#8211; Eduardo Escorcia Calvo &#8211; Jhonny Villareal -Alfonso Martinez Cervantes &#8211;\u00a0Wendy Velasco Escorcia &#8211; Mary Blanco Carbonell.<\/h3>\n<h3>COLABORADORES:\u00a0Eduardo Blanco Carbonel &#8211; Jos\u00e9 Sanandr\u00e9s Blanco &#8211; Maria Del Pilar Montero- Rita Escorcia De La Cruz- Jes\u00fas Escorcia\u00a0De Alba &#8211; \u00a0Arnold Archbold\u00a0\u00a0Gamero- Yarledis Mosquera -Liliana Escorcia Noriega &#8211; Javier Velasco Diaz  &#8211;  Alfredo Barranco Barcel\u00f3-<\/h3>\n<h3>Cont\u00e1ctenos:\u00a0\u00a0casadehechos@gmail.com<\/h3>\n<p>&nbsp;<\/p>\n","protected":false},"excerpt":{"rendered":"<p>SEMILLAS DE LUZ No somos reglas \u2026 Somos solo fuente de Luz No somos condicionamientos \u2026 \u00a0Somos solo una carta de navegaci\u00f3n con: AMOR, VERDAD Y JUSTICIA. Los hermanos UNIATAS conservamos nuestra propia liturgia guiados por las ense\u00f1anzas del maestro. Estamos orientados y guiados a conservar, mantener y llevar la verdad. Aquella verdad que tu [&hellip;]<\/p>\n","protected":false},"author":1,"featured_media":0,"parent":0,"menu_order":6,"comment_status":"closed","ping_status":"closed","template":"","meta":{"footnotes":""},"_links":{"self":[{"href":"https:\/\/casadehechos.com\/index.php?rest_route=\/wp\/v2\/pages\/6"}],"collection":[{"href":"https:\/\/casadehechos.com\/index.php?rest_route=\/wp\/v2\/pages"}],"about":[{"href":"https:\/\/casadehechos.com\/index.php?rest_route=\/wp\/v2\/types\/page"}],"author":[{"embeddable":true,"href":"https:\/\/casadehechos.com\/index.php?rest_route=\/wp\/v2\/users\/1"}],"replies":[{"embeddable":true,"href":"https:\/\/casadehechos.com\/index.php?rest_route=%2Fwp%2Fv2%2Fcomments&post=6"}],"version-history":[{"count":33,"href":"https:\/\/casadehechos.com\/index.php?rest_route=\/wp\/v2\/pages\/6\/revisions"}],"predecessor-version":[{"id":196,"href":"https:\/\/casadehechos.com\/index.php?rest_route=\/wp\/v2\/pages\/6\/revisions\/196"}],"wp:attachment":[{"href":"https:\/\/casadehechos.com\/index.php?rest_route=%2Fwp%2Fv2%2Fmedia&parent=6"}],"curies":[{"name":"wp","href":"https:\/\/api.w.org\/{rel}","templated":true}]}}